{"id":1523,"date":"2025-06-07T09:19:32","date_gmt":"2025-06-07T09:19:32","guid":{"rendered":"https:\/\/cafe-aenishaenslin.de\/?page_id=1523"},"modified":"2026-03-25T08:38:49","modified_gmt":"2026-03-25T08:38:49","slug":"startseite","status":"publish","type":"page","link":"https:\/\/cafe-aenishaenslin.de\/","title":{"rendered":"Startseite"},"content":{"rendered":"\t\t<div data-elementor-type=\"wp-page\" data-elementor-id=\"1523\" class=\"elementor elementor-1523\" data-elementor-post-type=\"page\">\n\t\t\t\t<div class=\"elementor-element elementor-element-2ee848f e-con-full e-flex e-con e-parent\" data-id=\"2ee848f\" data-element_type=\"container\" data-e-type=\"container\" data-settings=\"{&quot;background_background&quot;:&quot;classic&quot;}\">\n\t\t<div class=\"elementor-element elementor-element-3d27cad8 e-flex e-con-boxed e-con e-child\" data-id=\"3d27cad8\" data-element_type=\"container\" data-e-type=\"container\" data-settings=\"{&quot;background_background&quot;:&quot;classic&quot;,&quot;background_motion_fx_motion_fx_mouse&quot;:&quot;yes&quot;,&quot;background_motion_fx_motion_fx_scrolling&quot;:&quot;yes&quot;,&quot;background_motion_fx_scale_effect&quot;:&quot;yes&quot;,&quot;background_motion_fx_scale_direction&quot;:&quot;in-out&quot;,&quot;background_motion_fx_scale_range&quot;:{&quot;unit&quot;:&quot;%&quot;,&quot;size&quot;:&quot;&quot;,&quot;sizes&quot;:{&quot;start&quot;:35,&quot;end&quot;:93}},&quot;background_motion_fx_mouseTrack_effect&quot;:&quot;yes&quot;,&quot;background_motion_fx_scale_speed&quot;:{&quot;unit&quot;:&quot;px&quot;,&quot;size&quot;:4,&quot;sizes&quot;:[]},&quot;background_motion_fx_devices&quot;:[&quot;desktop&quot;,&quot;tablet&quot;,&quot;mobile&quot;],&quot;background_motion_fx_mouseTrack_speed&quot;:{&quot;unit&quot;:&quot;px&quot;,&quot;size&quot;:1,&quot;sizes&quot;:[]}}\">\n\t\t\t\t\t<div class=\"e-con-inner\">\n\t\t<div class=\"elementor-element elementor-element-6d4cea60 e-flex e-con-boxed e-con e-child\" data-id=\"6d4cea60\" data-element_type=\"container\" data-e-type=\"container\">\n\t\t\t\t\t<div class=\"e-con-inner\">\n\t\t\t\t<div class=\"elementor-element elementor-element-10447e81 elementor-hidden-mobile elementor-widget elementor-widget-image\" data-id=\"10447e81\" data-element_type=\"widget\" data-e-type=\"widget\" data-widget_type=\"image.default\">\n\t\t\t\t\t\t\t\t\t\t\t\t\t\t\t<img decoding=\"async\" width=\"332\" height=\"148\" src=\"https:\/\/cafe-aenishaenslin.de\/wp-content\/uploads\/2023\/11\/CAE_Logo_Schriftzug_klein.png\" class=\"attachment-large size-large wp-image-280\" alt=\"Logo Cafe Aenishaenslin\" srcset=\"https:\/\/cafe-aenishaenslin.de\/wp-content\/uploads\/2023\/11\/CAE_Logo_Schriftzug_klein.png 332w, https:\/\/cafe-aenishaenslin.de\/wp-content\/uploads\/2023\/11\/CAE_Logo_Schriftzug_klein-300x134.png 300w\" sizes=\"(max-width: 332px) 100vw, 332px\" \/>\t\t\t\t\t\t\t\t\t\t\t\t\t\t\t<\/div>\n\t\t\t\t\t<\/div>\n\t\t\t\t<\/div>\n\t\t<div class=\"elementor-element elementor-element-7ad06f6e e-flex e-con-boxed e-con e-child\" data-id=\"7ad06f6e\" data-element_type=\"container\" data-e-type=\"container\">\n\t\t\t\t\t<div class=\"e-con-inner\">\n\t\t\t\t<div class=\"elementor-element elementor-element-5c5bbc28 elementor-hidden-mobile elementor-headline--style-highlight elementor-widget elementor-widget-animated-headline\" data-id=\"5c5bbc28\" data-element_type=\"widget\" data-e-type=\"widget\" data-settings=\"{&quot;marker&quot;:&quot;curly&quot;,&quot;highlighted_text&quot;:&quot;We\\u00dfling&quot;,&quot;headline_style&quot;:&quot;highlight&quot;,&quot;loop&quot;:&quot;yes&quot;,&quot;highlight_animation_duration&quot;:1200,&quot;highlight_iteration_delay&quot;:8000}\" data-widget_type=\"animated-headline.default\">\n\t\t\t\t\t\t\t<h3 class=\"elementor-headline\">\n\t\t\t\t\t<span class=\"elementor-headline-plain-text elementor-headline-text-wrapper\">\u2022 seit 1932 in<\/span>\n\t\t\t\t<span class=\"elementor-headline-dynamic-wrapper elementor-headline-text-wrapper\">\n\t\t\t\t\t<span class=\"elementor-headline-dynamic-text elementor-headline-text-active\">We\u00dfling<\/span>\n\t\t\t\t<\/span>\n\t\t\t\t\t<span class=\"elementor-headline-plain-text elementor-headline-text-wrapper\"> \u2022<\/span>\n\t\t\t\t\t<\/h3>\n\t\t\t\t\t\t<\/div>\n\t\t\t\t\t<\/div>\n\t\t\t\t<\/div>\n\t\t\t\t\t<\/div>\n\t\t\t\t<\/div>\n\t\t<div class=\"elementor-element elementor-element-51600b1a e-con-full e-flex e-con e-child\" data-id=\"51600b1a\" data-element_type=\"container\" data-e-type=\"container\" data-settings=\"{&quot;background_background&quot;:&quot;classic&quot;}\">\n\t\t<div class=\"elementor-element elementor-element-699e5ddb animated-slow e-flex e-con-boxed elementor-invisible e-con e-child\" data-id=\"699e5ddb\" data-element_type=\"container\" data-e-type=\"container\" data-settings=\"{&quot;background_background&quot;:&quot;classic&quot;,&quot;animation&quot;:&quot;fadeInUp&quot;,&quot;animation_delay&quot;:300}\">\n\t\t\t\t\t<div class=\"e-con-inner\">\n\t\t\t\t<div class=\"elementor-element elementor-element-36de292d elementor-widget elementor-widget-heading\" data-id=\"36de292d\" data-element_type=\"widget\" data-e-type=\"widget\" data-widget_type=\"heading.default\">\n\t\t\t\t\t<h2 class=\"elementor-heading-title elementor-size-default\">CAF\u00c9<\/h2>\t\t\t\t<\/div>\n\t\t\t\t<div class=\"elementor-element elementor-element-457ce370 elementor-align-center elementor-widget elementor-widget-button\" data-id=\"457ce370\" data-element_type=\"widget\" data-e-type=\"widget\" data-widget_type=\"button.default\">\n\t\t\t\t\t\t\t\t\t\t<a class=\"elementor-button elementor-button-link elementor-size-sm elementor-animation-grow\" href=\"https:\/\/cafe-aenishaenslin.de\/?attachment_id=1632\">\n\t\t\t\t\t\t<span class=\"elementor-button-content-wrapper\">\n\t\t\t\t\t\t<span class=\"elementor-button-icon\">\n\t\t\t\t<svg aria-hidden=\"true\" class=\"e-font-icon-svg e-fas-mug-hot\" viewBox=\"0 0 512 512\" xmlns=\"http:\/\/www.w3.org\/2000\/svg\"><path d=\"M127.1 146.5c1.3 7.7 8 13.5 16 13.5h16.5c9.8 0 17.6-8.5 16.3-18-3.8-28.2-16.4-54.2-36.6-74.7-14.4-14.7-23.6-33.3-26.4-53.5C111.8 5.9 105 0 96.8 0H80.4C70.6 0 63 8.5 64.1 18c3.9 31.9 18 61.3 40.6 84.4 12 12.2 19.7 27.5 22.4 44.1zm112 0c1.3 7.7 8 13.5 16 13.5h16.5c9.8 0 17.6-8.5 16.3-18-3.8-28.2-16.4-54.2-36.6-74.7-14.4-14.7-23.6-33.3-26.4-53.5C223.8 5.9 217 0 208.8 0h-16.4c-9.8 0-17.5 8.5-16.3 18 3.9 31.9 18 61.3 40.6 84.4 12 12.2 19.7 27.5 22.4 44.1zM400 192H32c-17.7 0-32 14.3-32 32v192c0 53 43 96 96 96h192c53 0 96-43 96-96h16c61.8 0 112-50.2 112-112s-50.2-112-112-112zm0 160h-16v-96h16c26.5 0 48 21.5 48 48s-21.5 48-48 48z\"><\/path><\/svg>\t\t\t<\/span>\n\t\t\t\t\t\t\t\t\t<span class=\"elementor-button-text\">Speisekarte<\/span>\n\t\t\t\t\t<\/span>\n\t\t\t\t\t<\/a>\n\t\t\t\t\t\t\t\t<\/div>\n\t\t\t\t\t<\/div>\n\t\t\t\t<\/div>\n\t\t<div class=\"elementor-element elementor-element-fc4ea7f e-con-full animated-slow e-flex elementor-invisible e-con e-child\" data-id=\"fc4ea7f\" data-element_type=\"container\" data-e-type=\"container\" data-settings=\"{&quot;background_background&quot;:&quot;classic&quot;,&quot;animation&quot;:&quot;fadeInUp&quot;,&quot;animation_delay&quot;:1000}\">\n\t\t\t\t<div class=\"elementor-element elementor-element-7d61e481 elementor-widget elementor-widget-heading\" data-id=\"7d61e481\" data-element_type=\"widget\" data-e-type=\"widget\" data-widget_type=\"heading.default\">\n\t\t\t\t\t<h2 class=\"elementor-heading-title elementor-size-default\">Konditorei<\/h2>\t\t\t\t<\/div>\n\t\t\t\t<div class=\"elementor-element elementor-element-774bab16 elementor-align-center elementor-widget elementor-widget-button\" data-id=\"774bab16\" data-element_type=\"widget\" data-e-type=\"widget\" data-widget_type=\"button.default\">\n\t\t\t\t\t\t\t\t\t\t<a class=\"elementor-button elementor-button-link elementor-size-sm elementor-animation-grow\" href=\"https:\/\/cafe-aenishaenslin.de\/?page_id=1411\">\n\t\t\t\t\t\t<span class=\"elementor-button-content-wrapper\">\n\t\t\t\t\t\t<span class=\"elementor-button-icon\">\n\t\t\t\t<svg aria-hidden=\"true\" class=\"e-font-icon-svg e-fas-birthday-cake\" viewBox=\"0 0 448 512\" xmlns=\"http:\/\/www.w3.org\/2000\/svg\"><path d=\"M448 384c-28.02 0-31.26-32-74.5-32-43.43 0-46.825 32-74.75 32-27.695 0-31.454-32-74.75-32-42.842 0-47.218 32-74.5 32-28.148 0-31.202-32-74.75-32-43.547 0-46.653 32-74.75 32v-80c0-26.5 21.5-48 48-48h16V112h64v144h64V112h64v144h64V112h64v144h16c26.5 0 48 21.5 48 48v80zm0 128H0v-96c43.356 0 46.767-32 74.75-32 27.951 0 31.253 32 74.75 32 42.843 0 47.217-32 74.5-32 28.148 0 31.201 32 74.75 32 43.357 0 46.767-32 74.75-32 27.488 0 31.252 32 74.5 32v96zM96 96c-17.75 0-32-14.25-32-32 0-31 32-23 32-64 12 0 32 29.5 32 56s-14.25 40-32 40zm128 0c-17.75 0-32-14.25-32-32 0-31 32-23 32-64 12 0 32 29.5 32 56s-14.25 40-32 40zm128 0c-17.75 0-32-14.25-32-32 0-31 32-23 32-64 12 0 32 29.5 32 56s-14.25 40-32 40z\"><\/path><\/svg>\t\t\t<\/span>\n\t\t\t\t\t\t\t\t\t<span class=\"elementor-button-text\">Unsere Produkte<\/span>\n\t\t\t\t\t<\/span>\n\t\t\t\t\t<\/a>\n\t\t\t\t\t\t\t\t<\/div>\n\t\t\t\t<\/div>\n\t\t<div class=\"elementor-element elementor-element-62a09cdd e-con-full animated-slow e-flex elementor-invisible e-con e-child\" data-id=\"62a09cdd\" data-element_type=\"container\" data-e-type=\"container\" data-settings=\"{&quot;background_background&quot;:&quot;classic&quot;,&quot;animation&quot;:&quot;fadeInUp&quot;,&quot;animation_delay&quot;:600,&quot;background_motion_fx_motion_fx_scrolling&quot;:&quot;yes&quot;,&quot;background_motion_fx_devices&quot;:[&quot;desktop&quot;,&quot;tablet&quot;,&quot;mobile&quot;]}\">\n\t\t\t\t<div class=\"elementor-element elementor-element-2306a55f elementor-widget elementor-widget-heading\" data-id=\"2306a55f\" data-element_type=\"widget\" data-e-type=\"widget\" data-widget_type=\"heading.default\">\n\t\t\t\t\t<h2 class=\"elementor-heading-title elementor-size-default\">Kontakt<\/h2>\t\t\t\t<\/div>\n\t\t\t\t<div class=\"elementor-element elementor-element-259bcf9e elementor-align-center elementor-widget elementor-widget-button\" data-id=\"259bcf9e\" data-element_type=\"widget\" data-e-type=\"widget\" data-widget_type=\"button.default\">\n\t\t\t\t\t\t\t\t\t\t<a class=\"elementor-button elementor-button-link elementor-size-sm elementor-animation-grow\" href=\"https:\/\/cafe-aenishaenslin.de\/?page_id=1360\">\n\t\t\t\t\t\t<span class=\"elementor-button-content-wrapper\">\n\t\t\t\t\t\t<span class=\"elementor-button-icon\">\n\t\t\t\t<svg aria-hidden=\"true\" class=\"e-font-icon-svg e-fas-location-arrow\" viewBox=\"0 0 512 512\" xmlns=\"http:\/\/www.w3.org\/2000\/svg\"><path d=\"M444.52 3.52L28.74 195.42c-47.97 22.39-31.98 92.75 19.19 92.75h175.91v175.91c0 51.17 70.36 67.17 92.75 19.19l191.9-415.78c15.99-38.39-25.59-79.97-63.97-63.97z\"><\/path><\/svg>\t\t\t<\/span>\n\t\t\t\t\t\t\t\t\t<span class=\"elementor-button-text\">Infos<\/span>\n\t\t\t\t\t<\/span>\n\t\t\t\t\t<\/a>\n\t\t\t\t\t\t\t\t<\/div>\n\t\t\t\t<\/div>\n\t\t\t\t<\/div>\n\t\t\t\t<\/div>\n\t\t<div class=\"elementor-element elementor-element-65e55e8f e-con-full e-flex e-con e-parent\" data-id=\"65e55e8f\" data-element_type=\"container\" data-e-type=\"container\" data-settings=\"{&quot;background_background&quot;:&quot;classic&quot;}\">\n\t\t<div class=\"elementor-element elementor-element-599aaa88 e-flex e-con-boxed e-con e-child\" data-id=\"599aaa88\" data-element_type=\"container\" data-e-type=\"container\">\n\t\t\t\t\t<div class=\"e-con-inner\">\n\t\t<div class=\"elementor-element elementor-element-417e1d2e e-flex e-con-boxed e-con e-child\" data-id=\"417e1d2e\" data-element_type=\"container\" data-e-type=\"container\">\n\t\t\t\t\t<div class=\"e-con-inner\">\n\t\t\t\t<div class=\"elementor-element elementor-element-53df3645 elementor-widget elementor-widget-heading\" data-id=\"53df3645\" data-element_type=\"widget\" data-e-type=\"widget\" data-widget_type=\"heading.default\">\n\t\t\t\t\t<h2 class=\"elementor-heading-title elementor-size-default\">Servus<\/h2>\t\t\t\t<\/div>\n\t\t\t\t\t<\/div>\n\t\t\t\t<\/div>\n\t\t\t\t<div class=\"elementor-element elementor-element-3004cbf8 elementor-widget elementor-widget-text-editor\" data-id=\"3004cbf8\" data-element_type=\"widget\" data-e-type=\"widget\" data-widget_type=\"text-editor.default\">\n\t\t\t\t\t\t\t\t\t<p class=\"p1\">Servus und Hallo im Caf\u00e9 \u00c4enish\u00e4nslin, unserem Familienunternehmen in mittlerweile 4. Generation direkt am We\u00dflinger See.<\/p><p class=\"p1\">Nehmen Sie sich einen Augenblick zum Innehalten, zum Genie\u00dfen und Beisammensein:<\/p><p class=\"p1\">Ob zum gem\u00fctlichen Fr\u00fchst\u00fcck, zur kleinen St\u00e4rkung zwischendurch und ganz besonders zur Kaffeezeit \u2013 unser Caf\u00e9 und der direkt am See gelegene Garten mit Terrasse besitzen sicher einen der atemberaubensten Blicke \u00fcber den We\u00dflinger See. F\u00fcr Feierlichkeiten steht Ihnen unsere Location gerne zur Verf\u00fcgung.<\/p><p class=\"p1\">Eine vielseitige Fr\u00fchst\u00fccksauswahl von s\u00fc\u00df bis deftig l\u00e4sst Sie entspannt in den Tag starten. Mittags verw\u00f6hnen Sie kleine, feine St\u00e4rkungen. Nat\u00fcrlich verw\u00f6hnen wir unsere G\u00e4ste besonders gerne mit unseren Konditorwaren und unseren streng gehegten Familienrezepturen, angefangen von Torten \u00fcber Obstkuchen bis hin zu unserem selbstgemachten Eis aus der Manufaktur. Tobias zaubert Ihnen auch ganz individuelle Torten f\u00fcr jeden Anlass.<\/p><p class=\"p1\">Alles wird jeden Tag mit viel Liebe zubereitet, wobei uns die Regionalit\u00e4t der Produkte und Zutaten sehr wichtig ist und so <br \/>greifen wir auf ein gro\u00dfes Partnernetzwerk aus der direktenUmgebung zur\u00fcck.<\/p><p class=\"p1\">Wir verw\u00f6hnen Sie gerne!<\/p><p class=\"p1\">\u00a0<\/p>\t\t\t\t\t\t\t\t<\/div>\n\t\t\t\t<div class=\"elementor-element elementor-element-83eb095 elementor-widget elementor-widget-text-editor\" data-id=\"83eb095\" data-element_type=\"widget\" data-e-type=\"widget\" data-widget_type=\"text-editor.default\">\n\t\t\t\t\t\t\t\t\t<p>Alexandra und Tobias<\/p>\t\t\t\t\t\t\t\t<\/div>\n\t\t\t\t<div class=\"elementor-element elementor-element-25bc2f6 elementor-widget elementor-widget-image\" data-id=\"25bc2f6\" data-element_type=\"widget\" data-e-type=\"widget\" data-widget_type=\"image.default\">\n\t\t\t\t\t\t\t\t\t\t\t\t\t\t\t<img fetchpriority=\"high\" decoding=\"async\" width=\"800\" height=\"399\" src=\"https:\/\/cafe-aenishaenslin.de\/wp-content\/uploads\/2024\/05\/Startseite_Alex_Tobi_roseunten_gold.png\" class=\"attachment-large size-large wp-image-1173\" alt=\"Alexandra und Tobias _Aenish\u00e4nslin\" srcset=\"https:\/\/cafe-aenishaenslin.de\/wp-content\/uploads\/2024\/05\/Startseite_Alex_Tobi_roseunten_gold.png 1003w, https:\/\/cafe-aenishaenslin.de\/wp-content\/uploads\/2024\/05\/Startseite_Alex_Tobi_roseunten_gold-300x150.png 300w, https:\/\/cafe-aenishaenslin.de\/wp-content\/uploads\/2024\/05\/Startseite_Alex_Tobi_roseunten_gold-768x383.png 768w\" sizes=\"(max-width: 800px) 100vw, 800px\" \/>\t\t\t\t\t\t\t\t\t\t\t\t\t\t\t<\/div>\n\t\t<div class=\"elementor-element elementor-element-31312f3 e-con-full e-flex e-con e-child\" data-id=\"31312f3\" data-element_type=\"container\" data-e-type=\"container\">\n\t\t<div class=\"elementor-element elementor-element-a9d9e81 e-con-full e-flex e-con e-child\" data-id=\"a9d9e81\" data-element_type=\"container\" data-e-type=\"container\">\n\t\t\t\t<\/div>\n\t\t\t\t<\/div>\n\t\t\t\t\t<\/div>\n\t\t\t\t<\/div>\n\t\t\t\t<\/div>\n\t\t<div class=\"elementor-element elementor-element-8c11b15 e-flex e-con-boxed e-con e-parent\" data-id=\"8c11b15\" data-element_type=\"container\" data-e-type=\"container\">\n\t\t\t\t\t<div class=\"e-con-inner\">\n\t\t\t\t\t<\/div>\n\t\t\t\t<\/div>\n\t\t\t\t<\/div>\n\t\t","protected":false},"excerpt":{"rendered":"<p>Caf\u00e9 Aenish\u00e4nslin in We\u00dfling \u2013 hausgemachte Kuchen, Fr\u00fchst\u00fcck &#038; kleine St\u00e4rkungen direkt am We\u00dflinger See. Genuss, Tradition &#038; Seeblick.<\/p>\n","protected":false},"author":1,"featured_media":1390,"parent":0,"menu_order":0,"comment_status":"closed","ping_status":"closed","template":"","meta":{"footnotes":""},"class_list":["post-1523","page","type-page","status-publish","has-post-thumbnail","hentry"],"_links":{"self":[{"href":"https:\/\/cafe-aenishaenslin.de\/index.php?rest_route=\/wp\/v2\/pages\/1523","targetHints":{"allow":["GET"]}}],"collection":[{"href":"https:\/\/cafe-aenishaenslin.de\/index.php?rest_route=\/wp\/v2\/pages"}],"about":[{"href":"https:\/\/cafe-aenishaenslin.de\/index.php?rest_route=\/wp\/v2\/types\/page"}],"author":[{"embeddable":true,"href":"https:\/\/cafe-aenishaenslin.de\/index.php?rest_route=\/wp\/v2\/users\/1"}],"replies":[{"embeddable":true,"href":"https:\/\/cafe-aenishaenslin.de\/index.php?rest_route=%2Fwp%2Fv2%2Fcomments&post=1523"}],"version-history":[{"count":46,"href":"https:\/\/cafe-aenishaenslin.de\/index.php?rest_route=\/wp\/v2\/pages\/1523\/revisions"}],"predecessor-version":[{"id":1694,"href":"https:\/\/cafe-aenishaenslin.de\/index.php?rest_route=\/wp\/v2\/pages\/1523\/revisions\/1694"}],"wp:featuredmedia":[{"embeddable":true,"href":"https:\/\/cafe-aenishaenslin.de\/index.php?rest_route=\/wp\/v2\/media\/1390"}],"wp:attachment":[{"href":"https:\/\/cafe-aenishaenslin.de\/index.php?rest_route=%2Fwp%2Fv2%2Fmedia&parent=1523"}],"curies":[{"name":"wp","href":"https:\/\/api.w.org\/{rel}","templated":true}]}}