{"id":1489,"date":"2025-06-06T18:14:38","date_gmt":"2025-06-06T18:14:38","guid":{"rendered":"https:\/\/cafe-aenishaenslin.de\/?page_id=1489"},"modified":"2026-03-25T08:47:35","modified_gmt":"2026-03-25T08:47:35","slug":"aktuelles","status":"publish","type":"page","link":"https:\/\/cafe-aenishaenslin.de\/?page_id=1489","title":{"rendered":"Aktuelles"},"content":{"rendered":"\t\t<div data-elementor-type=\"wp-page\" data-elementor-id=\"1489\" class=\"elementor elementor-1489\" data-elementor-post-type=\"page\">\n\t\t\t\t<div class=\"elementor-element elementor-element-153373db e-flex e-con-boxed e-con e-child\" data-id=\"153373db\" data-element_type=\"container\" data-e-type=\"container\">\n\t\t\t\t\t<div class=\"e-con-inner\">\n\t\t<div class=\"elementor-element elementor-element-6efe809a e-flex e-con-boxed e-con e-child\" data-id=\"6efe809a\" data-element_type=\"container\" data-e-type=\"container\">\n\t\t\t\t\t<div class=\"e-con-inner\">\n\t\t\t\t<div class=\"elementor-element elementor-element-439f3c8b elementor-widget elementor-widget-heading\" data-id=\"439f3c8b\" data-element_type=\"widget\" data-e-type=\"widget\" data-widget_type=\"heading.default\">\n\t\t\t\t\t<h2 class=\"elementor-heading-title elementor-size-default\">Fr\u00fchling <\/h2>\t\t\t\t<\/div>\n\t\t\t\t<div class=\"elementor-element elementor-element-140322c1 elementor-widget elementor-widget-text-editor\" data-id=\"140322c1\" data-element_type=\"widget\" data-e-type=\"widget\" data-widget_type=\"text-editor.default\">\n\t\t\t\t\t\t\t\t\t<p class=\"p1\">Genie\u00dfen Sie die ersten warmen Tage bei uns im Caf\u00e9 \u2013 bei sch\u00f6nem Wetter auch auf unserer Sonnenterrasse. Wir haben gleich morgens die Sonne auf unserer Seite und Sie k\u00f6nnen sich bei einem unserer reichhaltigen Fr\u00fchst\u00fccksangebote rundum verw\u00f6hnen lassen. So kann der Tag beginnen!<br \/><br \/><\/p><p class=\"p1\">\u00a0<\/p>\t\t\t\t\t\t\t\t<\/div>\n\t\t\t\t\t<\/div>\n\t\t\t\t<\/div>\n\t\t\t\t<div class=\"elementor-element elementor-element-1b858ad9 elementor-widget elementor-widget-image\" data-id=\"1b858ad9\" data-element_type=\"widget\" data-e-type=\"widget\" data-widget_type=\"image.default\">\n\t\t\t\t\t\t\t\t\t\t\t\t\t\t\t<img fetchpriority=\"high\" decoding=\"async\" width=\"1000\" height=\"500\" src=\"https:\/\/cafe-aenishaenslin.de\/wp-content\/uploads\/2026\/03\/Fruehlingt_Cafe-3.png\" class=\"attachment-full size-full wp-image-1664\" alt=\"\" srcset=\"https:\/\/cafe-aenishaenslin.de\/wp-content\/uploads\/2026\/03\/Fruehlingt_Cafe-3.png 1000w, https:\/\/cafe-aenishaenslin.de\/wp-content\/uploads\/2026\/03\/Fruehlingt_Cafe-3-300x150.png 300w, https:\/\/cafe-aenishaenslin.de\/wp-content\/uploads\/2026\/03\/Fruehlingt_Cafe-3-768x384.png 768w\" sizes=\"(max-width: 1000px) 100vw, 1000px\" \/>\t\t\t\t\t\t\t\t\t\t\t\t\t\t\t<\/div>\n\t\t\t\t\t<\/div>\n\t\t\t\t<\/div>\n\t\t<div class=\"elementor-element elementor-element-382530e e-flex e-con-boxed elementor-invisible e-con e-parent\" data-id=\"382530e\" data-element_type=\"container\" data-e-type=\"container\" data-settings=\"{&quot;animation&quot;:&quot;fadeInUp&quot;}\">\n\t\t\t\t\t<div class=\"e-con-inner\">\n\t\t\t\t<div class=\"elementor-element elementor-element-76d108a elementor-widget elementor-widget-gallery\" data-id=\"76d108a\" data-element_type=\"widget\" data-e-type=\"widget\" data-settings=\"{&quot;gallery_layout&quot;:&quot;justified&quot;,&quot;lazyload&quot;:&quot;yes&quot;,&quot;ideal_row_height&quot;:{&quot;unit&quot;:&quot;px&quot;,&quot;size&quot;:200,&quot;sizes&quot;:[]},&quot;ideal_row_height_tablet&quot;:{&quot;unit&quot;:&quot;px&quot;,&quot;size&quot;:150,&quot;sizes&quot;:[]},&quot;ideal_row_height_mobile&quot;:{&quot;unit&quot;:&quot;px&quot;,&quot;size&quot;:150,&quot;sizes&quot;:[]},&quot;gap&quot;:{&quot;unit&quot;:&quot;px&quot;,&quot;size&quot;:10,&quot;sizes&quot;:[]},&quot;gap_tablet&quot;:{&quot;unit&quot;:&quot;px&quot;,&quot;size&quot;:10,&quot;sizes&quot;:[]},&quot;gap_mobile&quot;:{&quot;unit&quot;:&quot;px&quot;,&quot;size&quot;:10,&quot;sizes&quot;:[]},&quot;link_to&quot;:&quot;file&quot;,&quot;overlay_background&quot;:&quot;yes&quot;,&quot;content_hover_animation&quot;:&quot;fade-in&quot;}\" data-widget_type=\"gallery.default\">\n\t\t\t\t\t\t\t<div class=\"elementor-gallery__container\">\n\t\t\t\t\t\t\t<a class=\"e-gallery-item elementor-gallery-item elementor-animated-content\" href=\"https:\/\/cafe-aenishaenslin.de\/wp-content\/uploads\/2026\/03\/Cafe_Aenishaenslin_Galerie8.png\" data-elementor-open-lightbox=\"yes\" data-elementor-lightbox-slideshow=\"76d108a\" data-elementor-lightbox-title=\"Cafe_Aenishaenslin_Galerie8\" data-e-action-hash=\"#elementor-action%3Aaction%3Dlightbox%26settings%3DeyJpZCI6MTY4MiwidXJsIjoiaHR0cHM6XC9cL2NhZmUtYWVuaXNoYWVuc2xpbi5kZVwvd3AtY29udGVudFwvdXBsb2Fkc1wvMjAyNlwvMDNcL0NhZmVfQWVuaXNoYWVuc2xpbl9HYWxlcmllOC5wbmciLCJzbGlkZXNob3ciOiI3NmQxMDhhIn0%3D\">\n\t\t\t\t\t<div class=\"e-gallery-image elementor-gallery-item__image\" data-thumbnail=\"https:\/\/cafe-aenishaenslin.de\/wp-content\/uploads\/2026\/03\/Cafe_Aenishaenslin_Galerie8-300x225.png\" data-width=\"300\" data-height=\"225\" aria-label=\"\" role=\"img\" ><\/div>\n\t\t\t\t\t\t\t\t\t\t\t<div class=\"elementor-gallery-item__overlay\"><\/div>\n\t\t\t\t\t\t\t\t\t\t\t\t\t\t<\/a>\n\t\t\t\t\t\t\t<a class=\"e-gallery-item elementor-gallery-item elementor-animated-content\" href=\"https:\/\/cafe-aenishaenslin.de\/wp-content\/uploads\/2026\/03\/Cafe_Aenishaenslin_Galerie7.png\" data-elementor-open-lightbox=\"yes\" data-elementor-lightbox-slideshow=\"76d108a\" data-elementor-lightbox-title=\"Cafe_Aenishaenslin_Galerie7\" data-e-action-hash=\"#elementor-action%3Aaction%3Dlightbox%26settings%3DeyJpZCI6MTY4MSwidXJsIjoiaHR0cHM6XC9cL2NhZmUtYWVuaXNoYWVuc2xpbi5kZVwvd3AtY29udGVudFwvdXBsb2Fkc1wvMjAyNlwvMDNcL0NhZmVfQWVuaXNoYWVuc2xpbl9HYWxlcmllNy5wbmciLCJzbGlkZXNob3ciOiI3NmQxMDhhIn0%3D\">\n\t\t\t\t\t<div class=\"e-gallery-image elementor-gallery-item__image\" data-thumbnail=\"https:\/\/cafe-aenishaenslin.de\/wp-content\/uploads\/2026\/03\/Cafe_Aenishaenslin_Galerie7-300x225.png\" data-width=\"300\" data-height=\"225\" aria-label=\"\" role=\"img\" ><\/div>\n\t\t\t\t\t\t\t\t\t\t\t<div class=\"elementor-gallery-item__overlay\"><\/div>\n\t\t\t\t\t\t\t\t\t\t\t\t\t\t<\/a>\n\t\t\t\t\t\t\t<a class=\"e-gallery-item elementor-gallery-item elementor-animated-content\" href=\"https:\/\/cafe-aenishaenslin.de\/wp-content\/uploads\/2026\/03\/Cafe_Aenishaenslin_Galerie2.png\" data-elementor-open-lightbox=\"yes\" data-elementor-lightbox-slideshow=\"76d108a\" data-elementor-lightbox-title=\"Cafe_Aenishaenslin_Galerie2\" data-e-action-hash=\"#elementor-action%3Aaction%3Dlightbox%26settings%3DeyJpZCI6MTY3NiwidXJsIjoiaHR0cHM6XC9cL2NhZmUtYWVuaXNoYWVuc2xpbi5kZVwvd3AtY29udGVudFwvdXBsb2Fkc1wvMjAyNlwvMDNcL0NhZmVfQWVuaXNoYWVuc2xpbl9HYWxlcmllMi5wbmciLCJzbGlkZXNob3ciOiI3NmQxMDhhIn0%3D\">\n\t\t\t\t\t<div class=\"e-gallery-image elementor-gallery-item__image\" data-thumbnail=\"https:\/\/cafe-aenishaenslin.de\/wp-content\/uploads\/2026\/03\/Cafe_Aenishaenslin_Galerie2-300x225.png\" data-width=\"300\" data-height=\"225\" aria-label=\"\" role=\"img\" ><\/div>\n\t\t\t\t\t\t\t\t\t\t\t<div class=\"elementor-gallery-item__overlay\"><\/div>\n\t\t\t\t\t\t\t\t\t\t\t\t\t\t<\/a>\n\t\t\t\t\t\t\t<a class=\"e-gallery-item elementor-gallery-item elementor-animated-content\" href=\"https:\/\/cafe-aenishaenslin.de\/wp-content\/uploads\/2026\/03\/Cafe_Aenishaenslin_Galerie.png\" data-elementor-open-lightbox=\"yes\" data-elementor-lightbox-slideshow=\"76d108a\" data-elementor-lightbox-title=\"Cafe_Aenishaenslin_Galerie\" data-e-action-hash=\"#elementor-action%3Aaction%3Dlightbox%26settings%3DeyJpZCI6MTY3NSwidXJsIjoiaHR0cHM6XC9cL2NhZmUtYWVuaXNoYWVuc2xpbi5kZVwvd3AtY29udGVudFwvdXBsb2Fkc1wvMjAyNlwvMDNcL0NhZmVfQWVuaXNoYWVuc2xpbl9HYWxlcmllLnBuZyIsInNsaWRlc2hvdyI6Ijc2ZDEwOGEifQ%3D%3D\">\n\t\t\t\t\t<div class=\"e-gallery-image elementor-gallery-item__image\" data-thumbnail=\"https:\/\/cafe-aenishaenslin.de\/wp-content\/uploads\/2026\/03\/Cafe_Aenishaenslin_Galerie-300x225.png\" data-width=\"300\" data-height=\"225\" aria-label=\"\" role=\"img\" ><\/div>\n\t\t\t\t\t\t\t\t\t\t\t<div class=\"elementor-gallery-item__overlay\"><\/div>\n\t\t\t\t\t\t\t\t\t\t\t\t\t\t<\/a>\n\t\t\t\t\t<\/div>\n\t\t\t\t\t<\/div>\n\t\t\t\t\t<\/div>\n\t\t\t\t<\/div>\n\t\t\t\t<\/div>\n\t\t","protected":false},"excerpt":{"rendered":"<p>Caf\u00e9 Aenish\u00e4nslin \u2013 reichhaltiges Fr\u00fchst\u00fcck und Sonnenterrasse f\u00fcr den perfekten Start in den Tag.<\/p>\n","protected":false},"author":1,"featured_media":0,"parent":0,"menu_order":0,"comment_status":"closed","ping_status":"closed","template":"","meta":{"footnotes":""},"class_list":["post-1489","page","type-page","status-publish","hentry"],"_links":{"self":[{"href":"https:\/\/cafe-aenishaenslin.de\/index.php?rest_route=\/wp\/v2\/pages\/1489","targetHints":{"allow":["GET"]}}],"collection":[{"href":"https:\/\/cafe-aenishaenslin.de\/index.php?rest_route=\/wp\/v2\/pages"}],"about":[{"href":"https:\/\/cafe-aenishaenslin.de\/index.php?rest_route=\/wp\/v2\/types\/page"}],"author":[{"embeddable":true,"href":"https:\/\/cafe-aenishaenslin.de\/index.php?rest_route=\/wp\/v2\/users\/1"}],"replies":[{"embeddable":true,"href":"https:\/\/cafe-aenishaenslin.de\/index.php?rest_route=%2Fwp%2Fv2%2Fcomments&post=1489"}],"version-history":[{"count":40,"href":"https:\/\/cafe-aenishaenslin.de\/index.php?rest_route=\/wp\/v2\/pages\/1489\/revisions"}],"predecessor-version":[{"id":1700,"href":"https:\/\/cafe-aenishaenslin.de\/index.php?rest_route=\/wp\/v2\/pages\/1489\/revisions\/1700"}],"wp:attachment":[{"href":"https:\/\/cafe-aenishaenslin.de\/index.php?rest_route=%2Fwp%2Fv2%2Fmedia&parent=1489"}],"curies":[{"name":"wp","href":"https:\/\/api.w.org\/{rel}","templated":true}]}}