{"id":1411,"date":"2025-06-06T12:45:45","date_gmt":"2025-06-06T12:45:45","guid":{"rendered":"https:\/\/cafe-aenishaenslin.de\/?page_id=1411"},"modified":"2025-07-30T12:30:29","modified_gmt":"2025-07-30T12:30:29","slug":"produkte","status":"publish","type":"page","link":"https:\/\/cafe-aenishaenslin.de\/?page_id=1411","title":{"rendered":"Produkte"},"content":{"rendered":"\t\t<div data-elementor-type=\"wp-page\" data-elementor-id=\"1411\" class=\"elementor elementor-1411\" data-elementor-post-type=\"page\">\n\t\t\t\t<div class=\"elementor-element elementor-element-3096e22c e-flex e-con-boxed e-con e-child\" data-id=\"3096e22c\" data-element_type=\"container\" data-e-type=\"container\">\n\t\t\t\t\t<div class=\"e-con-inner\">\n\t\t<div class=\"elementor-element elementor-element-5964d8f5 e-flex e-con-boxed e-con e-child\" data-id=\"5964d8f5\" data-element_type=\"container\" data-e-type=\"container\">\n\t\t\t\t\t<div class=\"e-con-inner\">\n\t\t\t\t<div class=\"elementor-element elementor-element-6b77f52 elementor-widget elementor-widget-image\" data-id=\"6b77f52\" data-element_type=\"widget\" data-e-type=\"widget\" data-widget_type=\"image.default\">\n\t\t\t\t\t\t\t\t\t\t\t\t\t\t\t<img fetchpriority=\"high\" decoding=\"async\" width=\"1000\" height=\"500\" src=\"https:\/\/cafe-aenishaenslin.de\/wp-content\/uploads\/2025\/06\/CafeAenishaenslin_Produke.webp\" class=\"attachment-full size-full wp-image-1420\" alt=\"Cafe Aenishaenslin Produkte\" srcset=\"https:\/\/cafe-aenishaenslin.de\/wp-content\/uploads\/2025\/06\/CafeAenishaenslin_Produke.webp 1000w, https:\/\/cafe-aenishaenslin.de\/wp-content\/uploads\/2025\/06\/CafeAenishaenslin_Produke-300x150.webp 300w, https:\/\/cafe-aenishaenslin.de\/wp-content\/uploads\/2025\/06\/CafeAenishaenslin_Produke-768x384.webp 768w\" sizes=\"(max-width: 1000px) 100vw, 1000px\" \/>\t\t\t\t\t\t\t\t\t\t\t\t\t\t\t<\/div>\n\t\t\t\t<div class=\"elementor-element elementor-element-11dbd870 elementor-widget elementor-widget-heading\" data-id=\"11dbd870\" data-element_type=\"widget\" data-e-type=\"widget\" data-widget_type=\"heading.default\">\n\t\t\t\t\t<h2 class=\"elementor-heading-title elementor-size-default\">Unsere Produkte<\/h2>\t\t\t\t<\/div>\n\t\t\t\t\t<\/div>\n\t\t\t\t<\/div>\n\t\t\t\t<div class=\"elementor-element elementor-element-3b936399 elementor-widget elementor-widget-text-editor\" data-id=\"3b936399\" data-element_type=\"widget\" data-e-type=\"widget\" data-widget_type=\"text-editor.default\">\n\t\t\t\t\t\t\t\t\t<p class=\"p1\">Ob unser Fr\u00fchst\u00fcck, die kleinen St\u00e4rkungen zwischendurch oder unsere geheimen Familienrezepturen\u00a0 der Konditorei \u2013 unsere Produkte werden sorgsam ausgew\u00e4hlt und wo immer m\u00f6glich arbeiten wir mit regionalen Partnern zusammen.\u00a0<\/p><p class=\"p1\">Alles wird jeden Tag mit viel Liebe zubereitet, wobei uns die Regionalit\u00e4t der Produkte und Zutaten sehr wichtig ist und so <br \/>greifen wir auf ein gro\u00dfes Partnernetzwerk aus der direkten Umgebung zur\u00fcck.<\/p><p class=\"p1\">\u00a0<\/p><p class=\"p1\">\u00a0<\/p>\t\t\t\t\t\t\t\t<\/div>\n\t\t\t\t<div class=\"elementor-element elementor-element-c029259 elementor-align-center elementor-widget elementor-widget-global elementor-global-1502 elementor-widget-button\" data-id=\"c029259\" data-element_type=\"widget\" data-e-type=\"widget\" data-widget_type=\"button.default\">\n\t\t\t\t\t\t\t\t\t\t<a class=\"elementor-button elementor-button-link elementor-size-sm\" href=\"mailto:mail@cafe-aenishaenslin.de?subject=Anfrage%20Tortengestaltung\">\n\t\t\t\t\t\t<span class=\"elementor-button-content-wrapper\">\n\t\t\t\t\t\t<span class=\"elementor-button-icon\">\n\t\t\t\t<svg aria-hidden=\"true\" class=\"e-font-icon-svg e-fas-birthday-cake\" viewBox=\"0 0 448 512\" xmlns=\"http:\/\/www.w3.org\/2000\/svg\"><path d=\"M448 384c-28.02 0-31.26-32-74.5-32-43.43 0-46.825 32-74.75 32-27.695 0-31.454-32-74.75-32-42.842 0-47.218 32-74.5 32-28.148 0-31.202-32-74.75-32-43.547 0-46.653 32-74.75 32v-80c0-26.5 21.5-48 48-48h16V112h64v144h64V112h64v144h64V112h64v144h16c26.5 0 48 21.5 48 48v80zm0 128H0v-96c43.356 0 46.767-32 74.75-32 27.951 0 31.253 32 74.75 32 42.843 0 47.217-32 74.5-32 28.148 0 31.201 32 74.75 32 43.357 0 46.767-32 74.75-32 27.488 0 31.252 32 74.5 32v96zM96 96c-17.75 0-32-14.25-32-32 0-31 32-23 32-64 12 0 32 29.5 32 56s-14.25 40-32 40zm128 0c-17.75 0-32-14.25-32-32 0-31 32-23 32-64 12 0 32 29.5 32 56s-14.25 40-32 40zm128 0c-17.75 0-32-14.25-32-32 0-31 32-23 32-64 12 0 32 29.5 32 56s-14.25 40-32 40z\"><\/path><\/svg>\t\t\t<\/span>\n\t\t\t\t\t\t\t\t\t<span class=\"elementor-button-text\">Unverbindliche Tortenanfrage<\/span>\n\t\t\t\t\t<\/span>\n\t\t\t\t\t<\/a>\n\t\t\t\t\t\t\t\t<\/div>\n\t\t\t\t\t<\/div>\n\t\t\t\t<\/div>\n\t\t<div class=\"elementor-element elementor-element-eb181cb e-flex e-con-boxed e-con e-parent\" data-id=\"eb181cb\" data-element_type=\"container\" data-e-type=\"container\">\n\t\t\t\t\t<div class=\"e-con-inner\">\n\t\t\t\t<div class=\"elementor-element elementor-element-de694c6 elementor-widget elementor-widget-gallery\" data-id=\"de694c6\" data-element_type=\"widget\" data-e-type=\"widget\" data-settings=\"{&quot;gap&quot;:{&quot;unit&quot;:&quot;px&quot;,&quot;size&quot;:32,&quot;sizes&quot;:[]},&quot;aspect_ratio&quot;:&quot;1:1&quot;,&quot;gap_mobile&quot;:{&quot;unit&quot;:&quot;px&quot;,&quot;size&quot;:9,&quot;sizes&quot;:[]},&quot;lazyload&quot;:&quot;yes&quot;,&quot;gallery_layout&quot;:&quot;grid&quot;,&quot;columns&quot;:4,&quot;columns_tablet&quot;:2,&quot;columns_mobile&quot;:1,&quot;gap_tablet&quot;:{&quot;unit&quot;:&quot;px&quot;,&quot;size&quot;:10,&quot;sizes&quot;:[]},&quot;link_to&quot;:&quot;file&quot;,&quot;overlay_background&quot;:&quot;yes&quot;,&quot;content_hover_animation&quot;:&quot;fade-in&quot;}\" data-widget_type=\"gallery.default\">\n\t\t\t\t\t\t\t<div class=\"elementor-gallery__container\">\n\t\t\t\t\t\t\t<a class=\"e-gallery-item elementor-gallery-item elementor-animated-content\" href=\"https:\/\/cafe-aenishaenslin.de\/wp-content\/uploads\/2024\/04\/CafeAenishaenslin_Torten_2.png\" data-elementor-open-lightbox=\"yes\" data-elementor-lightbox-slideshow=\"de694c6\" data-elementor-lightbox-title=\"CafeAenishaenslin_Torten_2\" data-e-action-hash=\"#elementor-action%3Aaction%3Dlightbox%26settings%3DeyJpZCI6OTIyLCJ1cmwiOiJodHRwczpcL1wvY2FmZS1hZW5pc2hhZW5zbGluLmRlXC93cC1jb250ZW50XC91cGxvYWRzXC8yMDI0XC8wNFwvQ2FmZUFlbmlzaGFlbnNsaW5fVG9ydGVuXzIucG5nIiwic2xpZGVzaG93IjoiZGU2OTRjNiJ9\">\n\t\t\t\t\t<div class=\"e-gallery-image elementor-gallery-item__image\" data-thumbnail=\"https:\/\/cafe-aenishaenslin.de\/wp-content\/uploads\/2024\/04\/CafeAenishaenslin_Torten_2-300x300.png\" data-width=\"300\" data-height=\"300\" aria-label=\"\" role=\"img\" ><\/div>\n\t\t\t\t\t\t\t\t\t\t\t<div class=\"elementor-gallery-item__overlay\"><\/div>\n\t\t\t\t\t\t\t\t\t\t\t\t\t\t<\/a>\n\t\t\t\t\t\t\t<a class=\"e-gallery-item elementor-gallery-item elementor-animated-content\" href=\"https:\/\/cafe-aenishaenslin.de\/wp-content\/uploads\/2024\/04\/CafeAenishaenslin_Torten_1.png\" data-elementor-open-lightbox=\"yes\" data-elementor-lightbox-slideshow=\"de694c6\" data-elementor-lightbox-title=\"CafeAenishaenslin_Torten_1\" data-e-action-hash=\"#elementor-action%3Aaction%3Dlightbox%26settings%3DeyJpZCI6OTIxLCJ1cmwiOiJodHRwczpcL1wvY2FmZS1hZW5pc2hhZW5zbGluLmRlXC93cC1jb250ZW50XC91cGxvYWRzXC8yMDI0XC8wNFwvQ2FmZUFlbmlzaGFlbnNsaW5fVG9ydGVuXzEucG5nIiwic2xpZGVzaG93IjoiZGU2OTRjNiJ9\">\n\t\t\t\t\t<div class=\"e-gallery-image elementor-gallery-item__image\" data-thumbnail=\"https:\/\/cafe-aenishaenslin.de\/wp-content\/uploads\/2024\/04\/CafeAenishaenslin_Torten_1-300x300.png\" data-width=\"300\" data-height=\"300\" aria-label=\"\" role=\"img\" ><\/div>\n\t\t\t\t\t\t\t\t\t\t\t<div class=\"elementor-gallery-item__overlay\"><\/div>\n\t\t\t\t\t\t\t\t\t\t\t\t\t\t<\/a>\n\t\t\t\t\t\t\t<a class=\"e-gallery-item elementor-gallery-item elementor-animated-content\" href=\"https:\/\/cafe-aenishaenslin.de\/wp-content\/uploads\/2024\/04\/CafeAenishaenslin_Torten_9.png\" data-elementor-open-lightbox=\"yes\" data-elementor-lightbox-slideshow=\"de694c6\" data-elementor-lightbox-title=\"CafeAenishaenslin_Torten_9\" data-e-action-hash=\"#elementor-action%3Aaction%3Dlightbox%26settings%3DeyJpZCI6OTIwLCJ1cmwiOiJodHRwczpcL1wvY2FmZS1hZW5pc2hhZW5zbGluLmRlXC93cC1jb250ZW50XC91cGxvYWRzXC8yMDI0XC8wNFwvQ2FmZUFlbmlzaGFlbnNsaW5fVG9ydGVuXzkucG5nIiwic2xpZGVzaG93IjoiZGU2OTRjNiJ9\">\n\t\t\t\t\t<div class=\"e-gallery-image elementor-gallery-item__image\" data-thumbnail=\"https:\/\/cafe-aenishaenslin.de\/wp-content\/uploads\/2024\/04\/CafeAenishaenslin_Torten_9-300x300.png\" data-width=\"300\" data-height=\"300\" aria-label=\"\" role=\"img\" ><\/div>\n\t\t\t\t\t\t\t\t\t\t\t<div class=\"elementor-gallery-item__overlay\"><\/div>\n\t\t\t\t\t\t\t\t\t\t\t\t\t\t<\/a>\n\t\t\t\t\t\t\t<a class=\"e-gallery-item elementor-gallery-item elementor-animated-content\" href=\"https:\/\/cafe-aenishaenslin.de\/wp-content\/uploads\/2024\/04\/CafeAenishaenslin_Torten_18.png\" data-elementor-open-lightbox=\"yes\" data-elementor-lightbox-slideshow=\"de694c6\" data-elementor-lightbox-title=\"CafeAenishaenslin_Torten_18\" data-e-action-hash=\"#elementor-action%3Aaction%3Dlightbox%26settings%3DeyJpZCI6OTE2LCJ1cmwiOiJodHRwczpcL1wvY2FmZS1hZW5pc2hhZW5zbGluLmRlXC93cC1jb250ZW50XC91cGxvYWRzXC8yMDI0XC8wNFwvQ2FmZUFlbmlzaGFlbnNsaW5fVG9ydGVuXzE4LnBuZyIsInNsaWRlc2hvdyI6ImRlNjk0YzYifQ%3D%3D\">\n\t\t\t\t\t<div class=\"e-gallery-image elementor-gallery-item__image\" data-thumbnail=\"https:\/\/cafe-aenishaenslin.de\/wp-content\/uploads\/2024\/04\/CafeAenishaenslin_Torten_18-300x300.png\" data-width=\"300\" data-height=\"300\" aria-label=\"\" role=\"img\" ><\/div>\n\t\t\t\t\t\t\t\t\t\t\t<div class=\"elementor-gallery-item__overlay\"><\/div>\n\t\t\t\t\t\t\t\t\t\t\t\t\t\t<\/a>\n\t\t\t\t\t\t\t<a class=\"e-gallery-item elementor-gallery-item elementor-animated-content\" href=\"https:\/\/cafe-aenishaenslin.de\/wp-content\/uploads\/2024\/04\/CafeAenishaenslin_Torten_17.png\" data-elementor-open-lightbox=\"yes\" data-elementor-lightbox-slideshow=\"de694c6\" data-elementor-lightbox-title=\"CafeAenishaenslin_Torten_17\" data-e-action-hash=\"#elementor-action%3Aaction%3Dlightbox%26settings%3DeyJpZCI6OTE1LCJ1cmwiOiJodHRwczpcL1wvY2FmZS1hZW5pc2hhZW5zbGluLmRlXC93cC1jb250ZW50XC91cGxvYWRzXC8yMDI0XC8wNFwvQ2FmZUFlbmlzaGFlbnNsaW5fVG9ydGVuXzE3LnBuZyIsInNsaWRlc2hvdyI6ImRlNjk0YzYifQ%3D%3D\">\n\t\t\t\t\t<div class=\"e-gallery-image elementor-gallery-item__image\" data-thumbnail=\"https:\/\/cafe-aenishaenslin.de\/wp-content\/uploads\/2024\/04\/CafeAenishaenslin_Torten_17-300x300.png\" data-width=\"300\" data-height=\"300\" aria-label=\"\" role=\"img\" ><\/div>\n\t\t\t\t\t\t\t\t\t\t\t<div class=\"elementor-gallery-item__overlay\"><\/div>\n\t\t\t\t\t\t\t\t\t\t\t\t\t\t<\/a>\n\t\t\t\t\t\t\t<a class=\"e-gallery-item elementor-gallery-item elementor-animated-content\" href=\"https:\/\/cafe-aenishaenslin.de\/wp-content\/uploads\/2024\/04\/CafeAenishaenslin_Torten_22.png\" data-elementor-open-lightbox=\"yes\" data-elementor-lightbox-slideshow=\"de694c6\" data-elementor-lightbox-title=\"CafeAenishaenslin_Torten_22\" data-e-action-hash=\"#elementor-action%3Aaction%3Dlightbox%26settings%3DeyJpZCI6OTA1LCJ1cmwiOiJodHRwczpcL1wvY2FmZS1hZW5pc2hhZW5zbGluLmRlXC93cC1jb250ZW50XC91cGxvYWRzXC8yMDI0XC8wNFwvQ2FmZUFlbmlzaGFlbnNsaW5fVG9ydGVuXzIyLnBuZyIsInNsaWRlc2hvdyI6ImRlNjk0YzYifQ%3D%3D\">\n\t\t\t\t\t<div class=\"e-gallery-image elementor-gallery-item__image\" data-thumbnail=\"https:\/\/cafe-aenishaenslin.de\/wp-content\/uploads\/2024\/04\/CafeAenishaenslin_Torten_22-300x300.png\" data-width=\"300\" data-height=\"300\" aria-label=\"\" role=\"img\" ><\/div>\n\t\t\t\t\t\t\t\t\t\t\t<div class=\"elementor-gallery-item__overlay\"><\/div>\n\t\t\t\t\t\t\t\t\t\t\t\t\t\t<\/a>\n\t\t\t\t\t\t\t<a class=\"e-gallery-item elementor-gallery-item elementor-animated-content\" href=\"https:\/\/cafe-aenishaenslin.de\/wp-content\/uploads\/2024\/04\/CafeAenishaenslin_Torten_10.png\" data-elementor-open-lightbox=\"yes\" data-elementor-lightbox-slideshow=\"de694c6\" data-elementor-lightbox-title=\"CafeAenishaenslin_Torten_10\" data-e-action-hash=\"#elementor-action%3Aaction%3Dlightbox%26settings%3DeyJpZCI6OTA4LCJ1cmwiOiJodHRwczpcL1wvY2FmZS1hZW5pc2hhZW5zbGluLmRlXC93cC1jb250ZW50XC91cGxvYWRzXC8yMDI0XC8wNFwvQ2FmZUFlbmlzaGFlbnNsaW5fVG9ydGVuXzEwLnBuZyIsInNsaWRlc2hvdyI6ImRlNjk0YzYifQ%3D%3D\">\n\t\t\t\t\t<div class=\"e-gallery-image elementor-gallery-item__image\" data-thumbnail=\"https:\/\/cafe-aenishaenslin.de\/wp-content\/uploads\/2024\/04\/CafeAenishaenslin_Torten_10-300x300.png\" data-width=\"300\" data-height=\"300\" aria-label=\"\" role=\"img\" ><\/div>\n\t\t\t\t\t\t\t\t\t\t\t<div class=\"elementor-gallery-item__overlay\"><\/div>\n\t\t\t\t\t\t\t\t\t\t\t\t\t\t<\/a>\n\t\t\t\t\t\t\t<a class=\"e-gallery-item elementor-gallery-item elementor-animated-content\" href=\"https:\/\/cafe-aenishaenslin.de\/wp-content\/uploads\/2024\/04\/CafeAenishaenslin_Torten_11.png\" data-elementor-open-lightbox=\"yes\" data-elementor-lightbox-slideshow=\"de694c6\" data-elementor-lightbox-title=\"CafeAenishaenslin_Torten_11\" data-e-action-hash=\"#elementor-action%3Aaction%3Dlightbox%26settings%3DeyJpZCI6OTA5LCJ1cmwiOiJodHRwczpcL1wvY2FmZS1hZW5pc2hhZW5zbGluLmRlXC93cC1jb250ZW50XC91cGxvYWRzXC8yMDI0XC8wNFwvQ2FmZUFlbmlzaGFlbnNsaW5fVG9ydGVuXzExLnBuZyIsInNsaWRlc2hvdyI6ImRlNjk0YzYifQ%3D%3D\">\n\t\t\t\t\t<div class=\"e-gallery-image elementor-gallery-item__image\" data-thumbnail=\"https:\/\/cafe-aenishaenslin.de\/wp-content\/uploads\/2024\/04\/CafeAenishaenslin_Torten_11-300x300.png\" data-width=\"300\" data-height=\"300\" aria-label=\"\" role=\"img\" ><\/div>\n\t\t\t\t\t\t\t\t\t\t\t<div class=\"elementor-gallery-item__overlay\"><\/div>\n\t\t\t\t\t\t\t\t\t\t\t\t\t\t<\/a>\n\t\t\t\t\t\t\t<a class=\"e-gallery-item elementor-gallery-item elementor-animated-content\" href=\"https:\/\/cafe-aenishaenslin.de\/wp-content\/uploads\/2024\/04\/CafeAenishaenslin_Torten_12.png\" data-elementor-open-lightbox=\"yes\" data-elementor-lightbox-slideshow=\"de694c6\" data-elementor-lightbox-title=\"CafeAenishaenslin_Torten_12\" data-e-action-hash=\"#elementor-action%3Aaction%3Dlightbox%26settings%3DeyJpZCI6OTEwLCJ1cmwiOiJodHRwczpcL1wvY2FmZS1hZW5pc2hhZW5zbGluLmRlXC93cC1jb250ZW50XC91cGxvYWRzXC8yMDI0XC8wNFwvQ2FmZUFlbmlzaGFlbnNsaW5fVG9ydGVuXzEyLnBuZyIsInNsaWRlc2hvdyI6ImRlNjk0YzYifQ%3D%3D\">\n\t\t\t\t\t<div class=\"e-gallery-image elementor-gallery-item__image\" data-thumbnail=\"https:\/\/cafe-aenishaenslin.de\/wp-content\/uploads\/2024\/04\/CafeAenishaenslin_Torten_12-300x300.png\" data-width=\"300\" data-height=\"300\" aria-label=\"\" role=\"img\" ><\/div>\n\t\t\t\t\t\t\t\t\t\t\t<div class=\"elementor-gallery-item__overlay\"><\/div>\n\t\t\t\t\t\t\t\t\t\t\t\t\t\t<\/a>\n\t\t\t\t\t\t\t<a class=\"e-gallery-item elementor-gallery-item elementor-animated-content\" href=\"https:\/\/cafe-aenishaenslin.de\/wp-content\/uploads\/2024\/04\/CafeAenishaenslin_Torten_13.png\" data-elementor-open-lightbox=\"yes\" data-elementor-lightbox-slideshow=\"de694c6\" data-elementor-lightbox-title=\"CafeAenishaenslin_Torten_13\" data-e-action-hash=\"#elementor-action%3Aaction%3Dlightbox%26settings%3DeyJpZCI6OTExLCJ1cmwiOiJodHRwczpcL1wvY2FmZS1hZW5pc2hhZW5zbGluLmRlXC93cC1jb250ZW50XC91cGxvYWRzXC8yMDI0XC8wNFwvQ2FmZUFlbmlzaGFlbnNsaW5fVG9ydGVuXzEzLnBuZyIsInNsaWRlc2hvdyI6ImRlNjk0YzYifQ%3D%3D\">\n\t\t\t\t\t<div class=\"e-gallery-image elementor-gallery-item__image\" data-thumbnail=\"https:\/\/cafe-aenishaenslin.de\/wp-content\/uploads\/2024\/04\/CafeAenishaenslin_Torten_13-300x300.png\" data-width=\"300\" data-height=\"300\" aria-label=\"\" role=\"img\" ><\/div>\n\t\t\t\t\t\t\t\t\t\t\t<div class=\"elementor-gallery-item__overlay\"><\/div>\n\t\t\t\t\t\t\t\t\t\t\t\t\t\t<\/a>\n\t\t\t\t\t\t\t<a class=\"e-gallery-item elementor-gallery-item elementor-animated-content\" href=\"https:\/\/cafe-aenishaenslin.de\/wp-content\/uploads\/2024\/04\/CafeAenishaenslin_Torten_14.png\" data-elementor-open-lightbox=\"yes\" data-elementor-lightbox-slideshow=\"de694c6\" data-elementor-lightbox-title=\"CafeAenishaenslin_Torten_14\" data-e-action-hash=\"#elementor-action%3Aaction%3Dlightbox%26settings%3DeyJpZCI6OTEyLCJ1cmwiOiJodHRwczpcL1wvY2FmZS1hZW5pc2hhZW5zbGluLmRlXC93cC1jb250ZW50XC91cGxvYWRzXC8yMDI0XC8wNFwvQ2FmZUFlbmlzaGFlbnNsaW5fVG9ydGVuXzE0LnBuZyIsInNsaWRlc2hvdyI6ImRlNjk0YzYifQ%3D%3D\">\n\t\t\t\t\t<div class=\"e-gallery-image elementor-gallery-item__image\" data-thumbnail=\"https:\/\/cafe-aenishaenslin.de\/wp-content\/uploads\/2024\/04\/CafeAenishaenslin_Torten_14-300x300.png\" data-width=\"300\" data-height=\"300\" aria-label=\"\" role=\"img\" ><\/div>\n\t\t\t\t\t\t\t\t\t\t\t<div class=\"elementor-gallery-item__overlay\"><\/div>\n\t\t\t\t\t\t\t\t\t\t\t\t\t\t<\/a>\n\t\t\t\t\t\t\t<a class=\"e-gallery-item elementor-gallery-item elementor-animated-content\" href=\"https:\/\/cafe-aenishaenslin.de\/wp-content\/uploads\/2024\/04\/CafeAenishaenslin_Torten_15.png\" data-elementor-open-lightbox=\"yes\" data-elementor-lightbox-slideshow=\"de694c6\" data-elementor-lightbox-title=\"CafeAenishaenslin_Torten_15\" data-e-action-hash=\"#elementor-action%3Aaction%3Dlightbox%26settings%3DeyJpZCI6OTEzLCJ1cmwiOiJodHRwczpcL1wvY2FmZS1hZW5pc2hhZW5zbGluLmRlXC93cC1jb250ZW50XC91cGxvYWRzXC8yMDI0XC8wNFwvQ2FmZUFlbmlzaGFlbnNsaW5fVG9ydGVuXzE1LnBuZyIsInNsaWRlc2hvdyI6ImRlNjk0YzYifQ%3D%3D\">\n\t\t\t\t\t<div class=\"e-gallery-image elementor-gallery-item__image\" data-thumbnail=\"https:\/\/cafe-aenishaenslin.de\/wp-content\/uploads\/2024\/04\/CafeAenishaenslin_Torten_15-300x300.png\" data-width=\"300\" data-height=\"300\" aria-label=\"\" role=\"img\" ><\/div>\n\t\t\t\t\t\t\t\t\t\t\t<div class=\"elementor-gallery-item__overlay\"><\/div>\n\t\t\t\t\t\t\t\t\t\t\t\t\t\t<\/a>\n\t\t\t\t\t\t\t<a class=\"e-gallery-item elementor-gallery-item elementor-animated-content\" href=\"https:\/\/cafe-aenishaenslin.de\/wp-content\/uploads\/2024\/04\/CafeAenishaenslin_Torten_16.png\" data-elementor-open-lightbox=\"yes\" data-elementor-lightbox-slideshow=\"de694c6\" data-elementor-lightbox-title=\"CafeAenishaenslin_Torten_16\" data-e-action-hash=\"#elementor-action%3Aaction%3Dlightbox%26settings%3DeyJpZCI6OTE0LCJ1cmwiOiJodHRwczpcL1wvY2FmZS1hZW5pc2hhZW5zbGluLmRlXC93cC1jb250ZW50XC91cGxvYWRzXC8yMDI0XC8wNFwvQ2FmZUFlbmlzaGFlbnNsaW5fVG9ydGVuXzE2LnBuZyIsInNsaWRlc2hvdyI6ImRlNjk0YzYifQ%3D%3D\">\n\t\t\t\t\t<div class=\"e-gallery-image elementor-gallery-item__image\" data-thumbnail=\"https:\/\/cafe-aenishaenslin.de\/wp-content\/uploads\/2024\/04\/CafeAenishaenslin_Torten_16-300x300.png\" data-width=\"300\" data-height=\"300\" aria-label=\"\" role=\"img\" ><\/div>\n\t\t\t\t\t\t\t\t\t\t\t<div class=\"elementor-gallery-item__overlay\"><\/div>\n\t\t\t\t\t\t\t\t\t\t\t\t\t\t<\/a>\n\t\t\t\t\t\t\t<a class=\"e-gallery-item elementor-gallery-item elementor-animated-content\" href=\"https:\/\/cafe-aenishaenslin.de\/wp-content\/uploads\/2024\/04\/CafeAenishaenslin_Torten_21.png\" data-elementor-open-lightbox=\"yes\" data-elementor-lightbox-slideshow=\"de694c6\" data-elementor-lightbox-title=\"CafeAenishaenslin_Torten_21\" data-e-action-hash=\"#elementor-action%3Aaction%3Dlightbox%26settings%3DeyJpZCI6OTA0LCJ1cmwiOiJodHRwczpcL1wvY2FmZS1hZW5pc2hhZW5zbGluLmRlXC93cC1jb250ZW50XC91cGxvYWRzXC8yMDI0XC8wNFwvQ2FmZUFlbmlzaGFlbnNsaW5fVG9ydGVuXzIxLnBuZyIsInNsaWRlc2hvdyI6ImRlNjk0YzYifQ%3D%3D\">\n\t\t\t\t\t<div class=\"e-gallery-image elementor-gallery-item__image\" data-thumbnail=\"https:\/\/cafe-aenishaenslin.de\/wp-content\/uploads\/2024\/04\/CafeAenishaenslin_Torten_21-300x300.png\" data-width=\"300\" data-height=\"300\" aria-label=\"\" role=\"img\" ><\/div>\n\t\t\t\t\t\t\t\t\t\t\t<div class=\"elementor-gallery-item__overlay\"><\/div>\n\t\t\t\t\t\t\t\t\t\t\t\t\t\t<\/a>\n\t\t\t\t\t\t\t<a class=\"e-gallery-item elementor-gallery-item elementor-animated-content\" href=\"https:\/\/cafe-aenishaenslin.de\/wp-content\/uploads\/2024\/04\/CafeAenishaenslin_Torten_20.png\" data-elementor-open-lightbox=\"yes\" data-elementor-lightbox-slideshow=\"de694c6\" data-elementor-lightbox-title=\"CafeAenishaenslin_Torten_20\" data-e-action-hash=\"#elementor-action%3Aaction%3Dlightbox%26settings%3DeyJpZCI6OTAzLCJ1cmwiOiJodHRwczpcL1wvY2FmZS1hZW5pc2hhZW5zbGluLmRlXC93cC1jb250ZW50XC91cGxvYWRzXC8yMDI0XC8wNFwvQ2FmZUFlbmlzaGFlbnNsaW5fVG9ydGVuXzIwLnBuZyIsInNsaWRlc2hvdyI6ImRlNjk0YzYifQ%3D%3D\">\n\t\t\t\t\t<div class=\"e-gallery-image elementor-gallery-item__image\" data-thumbnail=\"https:\/\/cafe-aenishaenslin.de\/wp-content\/uploads\/2024\/04\/CafeAenishaenslin_Torten_20-300x300.png\" data-width=\"300\" data-height=\"300\" aria-label=\"\" role=\"img\" ><\/div>\n\t\t\t\t\t\t\t\t\t\t\t<div class=\"elementor-gallery-item__overlay\"><\/div>\n\t\t\t\t\t\t\t\t\t\t\t\t\t\t<\/a>\n\t\t\t\t\t\t\t<a class=\"e-gallery-item elementor-gallery-item elementor-animated-content\" href=\"https:\/\/cafe-aenishaenslin.de\/wp-content\/uploads\/2024\/04\/CafeAenishaenslin_Torten_19.png\" data-elementor-open-lightbox=\"yes\" data-elementor-lightbox-slideshow=\"de694c6\" data-elementor-lightbox-title=\"CafeAenishaenslin_Torten_19\" data-elementor-lightbox-description=\"Cafe Aenish\u00e4nslin Babytorte\" data-e-action-hash=\"#elementor-action%3Aaction%3Dlightbox%26settings%3DeyJpZCI6OTAyLCJ1cmwiOiJodHRwczpcL1wvY2FmZS1hZW5pc2hhZW5zbGluLmRlXC93cC1jb250ZW50XC91cGxvYWRzXC8yMDI0XC8wNFwvQ2FmZUFlbmlzaGFlbnNsaW5fVG9ydGVuXzE5LnBuZyIsInNsaWRlc2hvdyI6ImRlNjk0YzYifQ%3D%3D\">\n\t\t\t\t\t<div class=\"e-gallery-image elementor-gallery-item__image\" data-thumbnail=\"https:\/\/cafe-aenishaenslin.de\/wp-content\/uploads\/2024\/04\/CafeAenishaenslin_Torten_19-300x300.png\" data-width=\"300\" data-height=\"300\" aria-label=\"Cafe Aenish\u00e4nslin Babytorte\" role=\"img\" ><\/div>\n\t\t\t\t\t\t\t\t\t\t\t<div class=\"elementor-gallery-item__overlay\"><\/div>\n\t\t\t\t\t\t\t\t\t\t\t\t\t\t<\/a>\n\t\t\t\t\t\t\t<a class=\"e-gallery-item elementor-gallery-item elementor-animated-content\" href=\"https:\/\/cafe-aenishaenslin.de\/wp-content\/uploads\/2024\/04\/CafeAenishaenslin_Torten_4.png\" data-elementor-open-lightbox=\"yes\" data-elementor-lightbox-slideshow=\"de694c6\" data-elementor-lightbox-title=\"CafeAenishaenslin_Torten_4\" data-e-action-hash=\"#elementor-action%3Aaction%3Dlightbox%26settings%3DeyJpZCI6OTI0LCJ1cmwiOiJodHRwczpcL1wvY2FmZS1hZW5pc2hhZW5zbGluLmRlXC93cC1jb250ZW50XC91cGxvYWRzXC8yMDI0XC8wNFwvQ2FmZUFlbmlzaGFlbnNsaW5fVG9ydGVuXzQucG5nIiwic2xpZGVzaG93IjoiZGU2OTRjNiJ9\">\n\t\t\t\t\t<div class=\"e-gallery-image elementor-gallery-item__image\" data-thumbnail=\"https:\/\/cafe-aenishaenslin.de\/wp-content\/uploads\/2024\/04\/CafeAenishaenslin_Torten_4-300x300.png\" data-width=\"300\" data-height=\"300\" aria-label=\"\" role=\"img\" ><\/div>\n\t\t\t\t\t\t\t\t\t\t\t<div class=\"elementor-gallery-item__overlay\"><\/div>\n\t\t\t\t\t\t\t\t\t\t\t\t\t\t<\/a>\n\t\t\t\t\t<\/div>\n\t\t\t\t\t<\/div>\n\t\t\t\t\t<\/div>\n\t\t\t\t<\/div>\n\t\t\t\t<\/div>\n\t\t","protected":false},"excerpt":{"rendered":"<p>Unsere Produkte Ob unser Fr\u00fchst\u00fcck, die kleinen St\u00e4rkungen zwischendurch oder unsere geheimen Familienrezepturen\u00a0 der Konditorei \u2013 unsere Produkte werden sorgsam ausgew\u00e4hlt und wo immer m\u00f6glich arbeiten wir mit regionalen Partnern zusammen.\u00a0 Alles wird jeden Tag mit viel Liebe zubereitet, wobei uns die Regionalit\u00e4t der Produkte und Zutaten sehr wichtig ist und so greifen wir auf [&hellip;]<\/p>\n","protected":false},"author":1,"featured_media":0,"parent":0,"menu_order":0,"comment_status":"closed","ping_status":"closed","template":"","meta":{"footnotes":""},"class_list":["post-1411","page","type-page","status-publish","hentry"],"_links":{"self":[{"href":"https:\/\/cafe-aenishaenslin.de\/index.php?rest_route=\/wp\/v2\/pages\/1411","targetHints":{"allow":["GET"]}}],"collection":[{"href":"https:\/\/cafe-aenishaenslin.de\/index.php?rest_route=\/wp\/v2\/pages"}],"about":[{"href":"https:\/\/cafe-aenishaenslin.de\/index.php?rest_route=\/wp\/v2\/types\/page"}],"author":[{"embeddable":true,"href":"https:\/\/cafe-aenishaenslin.de\/index.php?rest_route=\/wp\/v2\/users\/1"}],"replies":[{"embeddable":true,"href":"https:\/\/cafe-aenishaenslin.de\/index.php?rest_route=%2Fwp%2Fv2%2Fcomments&post=1411"}],"version-history":[{"count":29,"href":"https:\/\/cafe-aenishaenslin.de\/index.php?rest_route=\/wp\/v2\/pages\/1411\/revisions"}],"predecessor-version":[{"id":1613,"href":"https:\/\/cafe-aenishaenslin.de\/index.php?rest_route=\/wp\/v2\/pages\/1411\/revisions\/1613"}],"wp:attachment":[{"href":"https:\/\/cafe-aenishaenslin.de\/index.php?rest_route=%2Fwp%2Fv2%2Fmedia&parent=1411"}],"curies":[{"name":"wp","href":"https:\/\/api.w.org\/{rel}","templated":true}]}}